{"id":7329,"date":"2020-09-03T15:35:00","date_gmt":"2020-09-03T15:35:00","guid":{"rendered":"https:\/\/www.white-baos.com\/?page_id=7329"},"modified":"2024-04-19T13:06:07","modified_gmt":"2024-04-19T11:06:07","slug":"qui-nous-sommes","status":"publish","type":"page","link":"https:\/\/www.white-baos.com\/fr\/qui-nous-sommes\/","title":{"rendered":"Engag\u00e9s en faveur des besoins de nos clients"},"content":{"rendered":"\n<div class=\"wp-block-columns is-layout-flex wp-container-core-columns-is-layout-8f761849 wp-block-columns-is-layout-flex\">\n<div class=\"wp-block-column is-layout-flow wp-block-column-is-layout-flow\" style=\"flex-basis:66.66%\">\n<p class=\"wp-block-paragraph\">White&amp;Baos est un cabinet d\u2019avocats engag\u00e9 en faveur de la d\u00e9fense des droits de nos clients, fond\u00e9 sur une forte \u00e9thique professionnelle, facteur cl\u00e9 pour notre d\u00e9veloppement.<\/p>\n\n\n\n<p class=\"wp-block-paragraph\">Nous ANTICIPONS LES PROBL\u00c8MES, nous comprenons les circonstances de nos clients, nous respectons, avons confiance, reconnaissons et nous engageons en faveur de leurs int\u00e9r\u00eats et besoins.<\/p>\n\n\n\n<p class=\"wp-block-paragraph\">Nous sommes un cabinet avec une \u00e9nergie positive, qui innove et \u00e9volue, bas\u00e9 sur le professionnalisme, l\u2019\u00e9quilibre-proportionnalit\u00e9, la responsabilit\u00e9, l\u2019efficacit\u00e9 et l\u2019honn\u00eatet\u00e9.<\/p>\n\n\n\n<p class=\"wp-block-paragraph\">Nos fondateurs&nbsp;:<\/p>\n\n\n\n<p class=\"wp-block-paragraph\"><\/p>\n\n\n\n<div class=\"wp-block-media-text alignwide is-stacked-on-mobile\" style=\"grid-template-columns:35% auto\"><figure class=\"wp-block-media-text__media\"><img fetchpriority=\"high\" decoding=\"async\" width=\"409\" height=\"383\" src=\"https:\/\/www.white-baos.com\/wp-content\/uploads\/2024\/04\/PEQ-FOTO-CARLOS-BAOS-ABOGADO-SOLICITOR-DENIA-COSTA-BLANCA-2.jpg\" alt=\"\" class=\"wp-image-14262 size-full\" srcset=\"https:\/\/www.white-baos.com\/wp-content\/uploads\/2024\/04\/PEQ-FOTO-CARLOS-BAOS-ABOGADO-SOLICITOR-DENIA-COSTA-BLANCA-2.jpg 409w, https:\/\/www.white-baos.com\/wp-content\/uploads\/2024\/04\/PEQ-FOTO-CARLOS-BAOS-ABOGADO-SOLICITOR-DENIA-COSTA-BLANCA-2-300x281.jpg 300w\" sizes=\"(max-width: 409px) 100vw, 409px\" \/><\/figure><div class=\"wp-block-media-text__content\">\n<p class=\"wp-block-paragraph\"><strong>Carlos Baos Torregrosa <\/strong>avocat espagnol, inscrit au Barreau des avocats d\u2019Alicante, sous le n\u00ba 5756. Il a obtenu son dipl\u00f4me \u00e0 l\u2019Universit\u00e9 d\u2019Alicante en 1999, a suivi et pass\u00e9 un Master en Conseil Juridique d\u2019Entreprises \u00e0 \u00abFundesem\u00bb en 2000. Carlos est tr\u00e8s engag\u00e9 en faveur de la d\u00e9fense des droits des expatri\u00e9s en Espagne, face \u00e0 la discrimination et les abus urbanistiques immobiliers, bancaires, fiscaux, etc.<\/p>\n<\/div><\/div>\n\n\n\n<p class=\"wp-block-paragraph\"><\/p>\n\n\n\n<div class=\"wp-block-media-text alignwide has-media-on-the-right is-stacked-on-mobile\" style=\"grid-template-columns:auto 38%\"><div class=\"wp-block-media-text__content\">\n<p class=\"has-text-align-right wp-block-paragraph\"><strong>Marc R White \u00ab<\/strong>solicitor\u00bb (avocat anglais) et notaire public anglais, qui appartient au Barreau des Avocats d\u2019Angleterre et de Galle (Law Society of England and Wales). Originaire de Bristol, il a obtenu son dipl\u00f4me de l\u2019Universit\u00e9 de Cardiff en 1992, et pass\u00e9 les examens d\u00e9finitifs du Barreau des Avocats d\u2019Angleterre et de Galle en 1993. Actuellement il travaille au Royaume Uni en tant qu\u2019avocat et notaire public et collabore avec White&amp;Baos<\/p>\n<\/div><figure class=\"wp-block-media-text__media\"><img decoding=\"async\" width=\"640\" height=\"426\" src=\"https:\/\/www.white-baos.com\/wp-content\/uploads\/2020\/09\/marcwhite.jpg\" alt=\"\" class=\"wp-image-9015 size-full\" srcset=\"https:\/\/www.white-baos.com\/wp-content\/uploads\/2020\/09\/marcwhite.jpg 640w, https:\/\/www.white-baos.com\/wp-content\/uploads\/2020\/09\/marcwhite-300x200.jpg 300w\" sizes=\"(max-width: 640px) 100vw, 640px\" \/><\/figure><\/div>\n\n\n\n<p class=\"wp-block-paragraph\"><\/p>\n<\/div>\n\n\n\n<div class=\"wp-block-column is-layout-flow wp-block-column-is-layout-flow\" style=\"flex-basis:33.33%\">\n<h2 class=\"wp-block-heading\">Contactez-nous<\/h2>\n\n\n\n<div class=\"wpcf7 no-js\" id=\"wpcf7-f8902-o1\" lang=\"es-ES\" dir=\"ltr\" data-wpcf7-id=\"8902\">\n<div class=\"screen-reader-response\"><p role=\"status\" aria-live=\"polite\" aria-atomic=\"true\"><\/p> <ul><\/ul><\/div>\n<form action=\"\/fr\/wp-json\/wp\/v2\/pages\/7329#wpcf7-f8902-o1\" method=\"post\" class=\"wpcf7-form init\" aria-label=\"Formulario de contacto\" novalidate=\"novalidate\" data-status=\"init\">\n<fieldset class=\"hidden-fields-container\"><input type=\"hidden\" name=\"_wpcf7\" value=\"8902\" \/><input type=\"hidden\" name=\"_wpcf7_version\" value=\"6.1.5\" \/><input type=\"hidden\" name=\"_wpcf7_locale\" value=\"es_ES\" \/><input type=\"hidden\" name=\"_wpcf7_unit_tag\" value=\"wpcf7-f8902-o1\" \/><input type=\"hidden\" name=\"_wpcf7_container_post\" value=\"0\" \/><input type=\"hidden\" name=\"_wpcf7_posted_data_hash\" value=\"\" \/><input type=\"hidden\" name=\"_wpcf7_recaptcha_response\" value=\"\" \/>\n<\/fieldset>\n<p><label> Nom (*)<br \/>\n<span class=\"wpcf7-form-control-wrap\" data-name=\"your-name\"><input size=\"40\" maxlength=\"400\" class=\"wpcf7-form-control wpcf7-text wpcf7-validates-as-required\" aria-required=\"true\" aria-invalid=\"false\" value=\"\" type=\"text\" name=\"your-name\" \/><\/span> <\/label>\n<\/p>\n<p><label> T\u00e9l\u00e9phone<br \/>\n<span class=\"wpcf7-form-control-wrap\" data-name=\"your-tel\"><input size=\"40\" maxlength=\"400\" class=\"wpcf7-form-control wpcf7-tel wpcf7-text wpcf7-validates-as-tel\" aria-invalid=\"false\" value=\"\" type=\"tel\" name=\"your-tel\" \/><\/span> <\/label>\n<\/p>\n<p><label> e-mail (*)<br \/>\n<span class=\"wpcf7-form-control-wrap\" data-name=\"your-email\"><input size=\"40\" maxlength=\"400\" class=\"wpcf7-form-control wpcf7-email wpcf7-validates-as-required wpcf7-text wpcf7-validates-as-email\" aria-required=\"true\" aria-invalid=\"false\" value=\"\" type=\"email\" name=\"your-email\" \/><\/span> <\/label>\n<\/p>\n<p><label> Comentaires \/ Question<br \/>\n<span class=\"wpcf7-form-control-wrap\" data-name=\"your-message\"><textarea cols=\"40\" rows=\"10\" maxlength=\"2000\" class=\"wpcf7-form-control wpcf7-textarea\" aria-invalid=\"false\" name=\"your-message\"><\/textarea><\/span> <\/label><br \/>\n<span class=\"wpcf7-form-control-wrap\" data-name=\"acceptance-813\"><span class=\"wpcf7-form-control wpcf7-acceptance optional\"><span class=\"wpcf7-list-item\"><label><input type=\"checkbox\" name=\"acceptance-813\" value=\"1\" aria-invalid=\"false\" \/><span class=\"wpcf7-list-item-label\">Je suis d'accord <a href=\"https:\/\/www.white-baos.com\/fr\/politique-de-confidentialite\/\" target=\"_blank\"> politique de confidentialit\u00e9 <\/a><\/span><\/label><\/span><\/span><\/span>\n<\/p>\n<p><input class=\"wpcf7-form-control wpcf7-submit has-spinner\" type=\"submit\" value=\"Envoyer\" \/>\n<\/p><div class=\"wpcf7-response-output\" aria-hidden=\"true\"><\/div>\n<\/form>\n<\/div>\n\n<\/div>\n<\/div>\n","protected":false},"excerpt":{"rendered":"<p>White&amp;Baos est un cabinet d\u2019avocats engag\u00e9 en faveur de la d\u00e9fense des droits de nos clients, fond\u00e9 sur une forte \u00e9thique professionnelle, facteur cl\u00e9 pour notre d\u00e9veloppement. Nous ANTICIPONS LES PROBL\u00c8MES, nous comprenons les circonstances de nos clients, nous respectons, avons confiance, reconnaissons et nous engageons en faveur de leurs int\u00e9r\u00eats et besoins. Nous sommes [&#8230;]<\/p>\n<p><a class=\"btn btn-primary understrap-read-more-link\" href=\"https:\/\/www.white-baos.com\/fr\/qui-nous-sommes\/\">Lire la suite&#8230;<\/a><\/p>\n","protected":false},"author":2,"featured_media":7787,"parent":0,"menu_order":0,"comment_status":"closed","ping_status":"closed","template":"page-templates\/fullwidthpage.php","meta":{"_crdt_document":"","footnotes":""},"class_list":["post-7329","page","type-page","status-publish","has-post-thumbnail","hentry"],"yoast_head":"<!-- This site is optimized with the Yoast SEO plugin v27.0 - https:\/\/yoast.com\/product\/yoast-seo-wordpress\/ -->\n<title>Engag\u00e9s en faveur des besoins de nos clients - White &amp; Baos, Abogados &amp; Solicitors<\/title>\n<meta name=\"robots\" content=\"index, follow, max-snippet:-1, max-image-preview:large, max-video-preview:-1\" \/>\n<link rel=\"canonical\" href=\"https:\/\/www.white-baos.com\/fr\/qui-nous-sommes\/\" \/>\n<meta property=\"og:locale\" content=\"fr_FR\" \/>\n<meta property=\"og:type\" content=\"article\" \/>\n<meta property=\"og:title\" content=\"Engag\u00e9s en faveur des besoins de nos clients - White &amp; Baos, Abogados &amp; Solicitors\" \/>\n<meta property=\"og:description\" content=\"White&amp;Baos est un cabinet d\u2019avocats engag\u00e9 en faveur de la d\u00e9fense des droits de nos clients, fond\u00e9 sur une forte \u00e9thique professionnelle, facteur cl\u00e9 pour notre d\u00e9veloppement. Nous ANTICIPONS LES PROBL\u00c8MES, nous comprenons les circonstances de nos clients, nous respectons, avons confiance, reconnaissons et nous engageons en faveur de leurs int\u00e9r\u00eats et besoins. Nous sommes [...]Lire la suite...\" \/>\n<meta property=\"og:url\" content=\"https:\/\/www.white-baos.com\/fr\/qui-nous-sommes\/\" \/>\n<meta property=\"og:site_name\" content=\"White &amp; Baos, Abogados &amp; Solicitors\" \/>\n<meta property=\"article:modified_time\" content=\"2024-04-19T11:06:07+00:00\" \/>\n<meta property=\"og:image\" content=\"https:\/\/www.white-baos.com\/wp-content\/uploads\/2020\/09\/torre-denia.jpg\" \/>\n\t<meta property=\"og:image:width\" content=\"1280\" \/>\n\t<meta property=\"og:image:height\" content=\"853\" \/>\n\t<meta property=\"og:image:type\" content=\"image\/jpeg\" \/>\n<meta name=\"twitter:card\" content=\"summary_large_image\" \/>\n<meta name=\"twitter:label1\" content=\"Dur\u00e9e de lecture estim\u00e9e\" \/>\n\t<meta name=\"twitter:data1\" content=\"2 minutes\" \/>\n<script type=\"application\/ld+json\" class=\"yoast-schema-graph\">{\"@context\":\"https:\/\/schema.org\",\"@graph\":[{\"@type\":\"WebPage\",\"@id\":\"https:\/\/www.white-baos.com\/fr\/qui-nous-sommes\/\",\"url\":\"https:\/\/www.white-baos.com\/fr\/qui-nous-sommes\/\",\"name\":\"Engag\u00e9s en faveur des besoins de nos clients - White &amp; Baos, Abogados &amp; Solicitors\",\"isPartOf\":{\"@id\":\"https:\/\/www.white-baos.com\/fr\/#website\"},\"primaryImageOfPage\":{\"@id\":\"https:\/\/www.white-baos.com\/fr\/qui-nous-sommes\/#primaryimage\"},\"image\":{\"@id\":\"https:\/\/www.white-baos.com\/fr\/qui-nous-sommes\/#primaryimage\"},\"thumbnailUrl\":\"https:\/\/www.white-baos.com\/wp-content\/uploads\/2020\/09\/torre-denia.jpg\",\"datePublished\":\"2020-09-03T15:35:00+00:00\",\"dateModified\":\"2024-04-19T11:06:07+00:00\",\"breadcrumb\":{\"@id\":\"https:\/\/www.white-baos.com\/fr\/qui-nous-sommes\/#breadcrumb\"},\"inLanguage\":\"fr-FR\",\"potentialAction\":[{\"@type\":\"ReadAction\",\"target\":[\"https:\/\/www.white-baos.com\/fr\/qui-nous-sommes\/\"]}]},{\"@type\":\"ImageObject\",\"inLanguage\":\"fr-FR\",\"@id\":\"https:\/\/www.white-baos.com\/fr\/qui-nous-sommes\/#primaryimage\",\"url\":\"https:\/\/www.white-baos.com\/wp-content\/uploads\/2020\/09\/torre-denia.jpg\",\"contentUrl\":\"https:\/\/www.white-baos.com\/wp-content\/uploads\/2020\/09\/torre-denia.jpg\",\"width\":1280,\"height\":853},{\"@type\":\"BreadcrumbList\",\"@id\":\"https:\/\/www.white-baos.com\/fr\/qui-nous-sommes\/#breadcrumb\",\"itemListElement\":[{\"@type\":\"ListItem\",\"position\":1,\"name\":\"Portada\",\"item\":\"https:\/\/www.white-baos.com\/fr\/\"},{\"@type\":\"ListItem\",\"position\":2,\"name\":\"Engag\u00e9s en faveur des besoins de nos clients\"}]},{\"@type\":\"WebSite\",\"@id\":\"https:\/\/www.white-baos.com\/fr\/#website\",\"url\":\"https:\/\/www.white-baos.com\/fr\/\",\"name\":\"White &amp; Baos, Abogados &amp; Solicitors\",\"description\":\"Anglo Spanish law firm established by both Spanish and UK lawyers based in Denia Alicante Spain\",\"publisher\":{\"@id\":\"https:\/\/www.white-baos.com\/fr\/#organization\"},\"potentialAction\":[{\"@type\":\"SearchAction\",\"target\":{\"@type\":\"EntryPoint\",\"urlTemplate\":\"https:\/\/www.white-baos.com\/fr\/?s={search_term_string}\"},\"query-input\":{\"@type\":\"PropertyValueSpecification\",\"valueRequired\":true,\"valueName\":\"search_term_string\"}}],\"inLanguage\":\"fr-FR\"},{\"@type\":\"Organization\",\"@id\":\"https:\/\/www.white-baos.com\/fr\/#organization\",\"name\":\"White &amp; Baos, Abogados &amp; Solicitors\",\"url\":\"https:\/\/www.white-baos.com\/fr\/\",\"logo\":{\"@type\":\"ImageObject\",\"inLanguage\":\"fr-FR\",\"@id\":\"https:\/\/www.white-baos.com\/fr\/#\/schema\/logo\/image\/\",\"url\":\"https:\/\/www.white-baos.com\/wp-content\/uploads\/2022\/09\/logo-wb-legalboutique-rojo.svg\",\"contentUrl\":\"https:\/\/www.white-baos.com\/wp-content\/uploads\/2022\/09\/logo-wb-legalboutique-rojo.svg\",\"width\":100,\"height\":100,\"caption\":\"White &amp; Baos, Abogados &amp; Solicitors\"},\"image\":{\"@id\":\"https:\/\/www.white-baos.com\/fr\/#\/schema\/logo\/image\/\"}}]}<\/script>\n<!-- \/ Yoast SEO plugin. -->","yoast_head_json":{"title":"Engag\u00e9s en faveur des besoins de nos clients - White &amp; Baos, Abogados &amp; Solicitors","robots":{"index":"index","follow":"follow","max-snippet":"max-snippet:-1","max-image-preview":"max-image-preview:large","max-video-preview":"max-video-preview:-1"},"canonical":"https:\/\/www.white-baos.com\/fr\/qui-nous-sommes\/","og_locale":"fr_FR","og_type":"article","og_title":"Engag\u00e9s en faveur des besoins de nos clients - White &amp; Baos, Abogados &amp; Solicitors","og_description":"White&amp;Baos est un cabinet d\u2019avocats engag\u00e9 en faveur de la d\u00e9fense des droits de nos clients, fond\u00e9 sur une forte \u00e9thique professionnelle, facteur cl\u00e9 pour notre d\u00e9veloppement. Nous ANTICIPONS LES PROBL\u00c8MES, nous comprenons les circonstances de nos clients, nous respectons, avons confiance, reconnaissons et nous engageons en faveur de leurs int\u00e9r\u00eats et besoins. Nous sommes [...]Lire la suite...","og_url":"https:\/\/www.white-baos.com\/fr\/qui-nous-sommes\/","og_site_name":"White &amp; Baos, Abogados &amp; Solicitors","article_modified_time":"2024-04-19T11:06:07+00:00","og_image":[{"width":1280,"height":853,"url":"https:\/\/www.white-baos.com\/wp-content\/uploads\/2020\/09\/torre-denia.jpg","type":"image\/jpeg"}],"twitter_card":"summary_large_image","twitter_misc":{"Dur\u00e9e de lecture estim\u00e9e":"2 minutes"},"schema":{"@context":"https:\/\/schema.org","@graph":[{"@type":"WebPage","@id":"https:\/\/www.white-baos.com\/fr\/qui-nous-sommes\/","url":"https:\/\/www.white-baos.com\/fr\/qui-nous-sommes\/","name":"Engag\u00e9s en faveur des besoins de nos clients - White &amp; Baos, Abogados &amp; Solicitors","isPartOf":{"@id":"https:\/\/www.white-baos.com\/fr\/#website"},"primaryImageOfPage":{"@id":"https:\/\/www.white-baos.com\/fr\/qui-nous-sommes\/#primaryimage"},"image":{"@id":"https:\/\/www.white-baos.com\/fr\/qui-nous-sommes\/#primaryimage"},"thumbnailUrl":"https:\/\/www.white-baos.com\/wp-content\/uploads\/2020\/09\/torre-denia.jpg","datePublished":"2020-09-03T15:35:00+00:00","dateModified":"2024-04-19T11:06:07+00:00","breadcrumb":{"@id":"https:\/\/www.white-baos.com\/fr\/qui-nous-sommes\/#breadcrumb"},"inLanguage":"fr-FR","potentialAction":[{"@type":"ReadAction","target":["https:\/\/www.white-baos.com\/fr\/qui-nous-sommes\/"]}]},{"@type":"ImageObject","inLanguage":"fr-FR","@id":"https:\/\/www.white-baos.com\/fr\/qui-nous-sommes\/#primaryimage","url":"https:\/\/www.white-baos.com\/wp-content\/uploads\/2020\/09\/torre-denia.jpg","contentUrl":"https:\/\/www.white-baos.com\/wp-content\/uploads\/2020\/09\/torre-denia.jpg","width":1280,"height":853},{"@type":"BreadcrumbList","@id":"https:\/\/www.white-baos.com\/fr\/qui-nous-sommes\/#breadcrumb","itemListElement":[{"@type":"ListItem","position":1,"name":"Portada","item":"https:\/\/www.white-baos.com\/fr\/"},{"@type":"ListItem","position":2,"name":"Engag\u00e9s en faveur des besoins de nos clients"}]},{"@type":"WebSite","@id":"https:\/\/www.white-baos.com\/fr\/#website","url":"https:\/\/www.white-baos.com\/fr\/","name":"White &amp; Baos, Abogados &amp; Solicitors","description":"Anglo Spanish law firm established by both Spanish and UK lawyers based in Denia Alicante Spain","publisher":{"@id":"https:\/\/www.white-baos.com\/fr\/#organization"},"potentialAction":[{"@type":"SearchAction","target":{"@type":"EntryPoint","urlTemplate":"https:\/\/www.white-baos.com\/fr\/?s={search_term_string}"},"query-input":{"@type":"PropertyValueSpecification","valueRequired":true,"valueName":"search_term_string"}}],"inLanguage":"fr-FR"},{"@type":"Organization","@id":"https:\/\/www.white-baos.com\/fr\/#organization","name":"White &amp; Baos, Abogados &amp; Solicitors","url":"https:\/\/www.white-baos.com\/fr\/","logo":{"@type":"ImageObject","inLanguage":"fr-FR","@id":"https:\/\/www.white-baos.com\/fr\/#\/schema\/logo\/image\/","url":"https:\/\/www.white-baos.com\/wp-content\/uploads\/2022\/09\/logo-wb-legalboutique-rojo.svg","contentUrl":"https:\/\/www.white-baos.com\/wp-content\/uploads\/2022\/09\/logo-wb-legalboutique-rojo.svg","width":100,"height":100,"caption":"White &amp; Baos, Abogados &amp; Solicitors"},"image":{"@id":"https:\/\/www.white-baos.com\/fr\/#\/schema\/logo\/image\/"}}]}},"jetpack_sharing_enabled":true,"jetpack_likes_enabled":true,"_links":{"self":[{"href":"https:\/\/www.white-baos.com\/fr\/wp-json\/wp\/v2\/pages\/7329","targetHints":{"allow":["GET"]}}],"collection":[{"href":"https:\/\/www.white-baos.com\/fr\/wp-json\/wp\/v2\/pages"}],"about":[{"href":"https:\/\/www.white-baos.com\/fr\/wp-json\/wp\/v2\/types\/page"}],"author":[{"embeddable":true,"href":"https:\/\/www.white-baos.com\/fr\/wp-json\/wp\/v2\/users\/2"}],"replies":[{"embeddable":true,"href":"https:\/\/www.white-baos.com\/fr\/wp-json\/wp\/v2\/comments?post=7329"}],"version-history":[{"count":7,"href":"https:\/\/www.white-baos.com\/fr\/wp-json\/wp\/v2\/pages\/7329\/revisions"}],"predecessor-version":[{"id":14266,"href":"https:\/\/www.white-baos.com\/fr\/wp-json\/wp\/v2\/pages\/7329\/revisions\/14266"}],"wp:featuredmedia":[{"embeddable":true,"href":"https:\/\/www.white-baos.com\/fr\/wp-json\/wp\/v2\/media\/7787"}],"wp:attachment":[{"href":"https:\/\/www.white-baos.com\/fr\/wp-json\/wp\/v2\/media?parent=7329"}],"curies":[{"name":"wp","href":"https:\/\/api.w.org\/{rel}","templated":true}]}}