{"id":7313,"date":"2020-09-03T15:23:14","date_gmt":"2020-09-03T15:23:14","guid":{"rendered":"https:\/\/www.white-baos.com\/?page_id=7313"},"modified":"2022-06-27T18:35:36","modified_gmt":"2022-06-27T16:35:36","slug":"contacto","status":"publish","type":"page","link":"https:\/\/www.white-baos.com\/es\/contacto\/","title":{"rendered":"Contacto"},"content":{"rendered":"\n<div class=\"wp-block-columns is-layout-flex wp-container-core-columns-is-layout-8f761849 wp-block-columns-is-layout-flex\">\n<div class=\"wp-block-column is-layout-flow wp-block-column-is-layout-flow\" style=\"flex-basis:33%\">\n<p class=\"wp-block-paragraph\">Oficina Principal White Baos Abogados:<\/p>\n\n\n\n<p class=\"wp-block-paragraph\">Calle Diana No. 19, 2\u00baD<br>03700, Denia, Alicante, Espa\u00f1a<\/p>\n\n\n\n<p class=\"wp-block-paragraph\">Tel\u00e9fono: +34 966 426 185<br>Fax: +34 965 784 471<\/p>\n\n\n\n<p class=\"wp-block-paragraph\">E-mail:&nbsp;info@white-baos.com<\/p>\n\n\n\n<p class=\"wp-block-paragraph\"><br><\/p>\n\n\n\n<p class=\"wp-block-paragraph\"><strong>Prestamos servicios en toda Espa\u00f1a. Especialmente en la Comunidad Valenciana (Alicante), Murcia y Baleares.<\/strong><\/p>\n\n\n\n<p class=\"wp-block-paragraph\">Tambi\u00e9n a nivel local en la Costa Blanca, principalmente en las siguientes \u00e1reas: Denia, Javea, Calpe, Moraira, Benissa, Jalon, Teulada. Podemos llevar casos judiciales en toda Espa\u00f1a.<\/p>\n\n\n\n<p class=\"wp-block-paragraph\"><br><\/p>\n\n\n\n<p class=\"wp-block-paragraph\">Contacte con nuestros abogados espa\u00f1oles <strong>y si desea plantearnos una cuesti\u00f3n en concreto, por favor rellene este formulario:<\/strong><\/p>\n\n\n\n<p class=\"wp-block-paragraph\"><\/p>\n\n\n\n<div class=\"wpcf7 no-js\" id=\"wpcf7-f8900-o1\" lang=\"es-ES\" dir=\"ltr\" data-wpcf7-id=\"8900\">\n<div class=\"screen-reader-response\"><p role=\"status\" aria-live=\"polite\" aria-atomic=\"true\"><\/p> <ul><\/ul><\/div>\n<form action=\"\/es\/wp-json\/wp\/v2\/pages\/7313#wpcf7-f8900-o1\" method=\"post\" class=\"wpcf7-form init\" aria-label=\"Formulario de contacto\" novalidate=\"novalidate\" data-status=\"init\">\n<fieldset class=\"hidden-fields-container\"><input type=\"hidden\" name=\"_wpcf7\" value=\"8900\" \/><input type=\"hidden\" name=\"_wpcf7_version\" value=\"6.1.5\" \/><input type=\"hidden\" name=\"_wpcf7_locale\" value=\"es_ES\" \/><input type=\"hidden\" name=\"_wpcf7_unit_tag\" value=\"wpcf7-f8900-o1\" \/><input type=\"hidden\" name=\"_wpcf7_container_post\" value=\"0\" \/><input type=\"hidden\" name=\"_wpcf7_posted_data_hash\" value=\"\" \/><input type=\"hidden\" name=\"_wpcf7_recaptcha_response\" value=\"\" \/>\n<\/fieldset>\n<p><label> Nombre (*)<br \/>\n<span class=\"wpcf7-form-control-wrap\" data-name=\"your-name\"><input size=\"40\" maxlength=\"400\" class=\"wpcf7-form-control wpcf7-text wpcf7-validates-as-required\" aria-required=\"true\" aria-invalid=\"false\" value=\"\" type=\"text\" name=\"your-name\" \/><\/span> <\/label>\n<\/p>\n<p><label> Tel\u00e9fono<br \/>\n<span class=\"wpcf7-form-control-wrap\" data-name=\"your-phone\"><input size=\"40\" maxlength=\"400\" class=\"wpcf7-form-control wpcf7-tel wpcf7-text wpcf7-validates-as-tel\" aria-invalid=\"false\" value=\"\" type=\"tel\" name=\"your-phone\" \/><\/span> <\/label>\n<\/p>\n<p><label> e-mail (*)<br \/>\n<span class=\"wpcf7-form-control-wrap\" data-name=\"your-email\"><input size=\"40\" maxlength=\"400\" class=\"wpcf7-form-control wpcf7-email wpcf7-validates-as-required wpcf7-text wpcf7-validates-as-email\" aria-required=\"true\" aria-invalid=\"false\" value=\"\" type=\"email\" name=\"your-email\" \/><\/span> <\/label>\n<\/p>\n<p><label> Consulta<br \/>\n<span class=\"wpcf7-form-control-wrap\" data-name=\"your-message\"><textarea cols=\"40\" rows=\"10\" maxlength=\"2000\" class=\"wpcf7-form-control wpcf7-textarea\" aria-invalid=\"false\" name=\"your-message\"><\/textarea><\/span> <\/label><br \/>\n<span class=\"wpcf7-form-control-wrap\" data-name=\"acceptance-14\"><span class=\"wpcf7-form-control wpcf7-acceptance optional\"><span class=\"wpcf7-list-item\"><label><input type=\"checkbox\" name=\"acceptance-14\" value=\"1\" aria-invalid=\"false\" \/><span class=\"wpcf7-list-item-label\">Acepto la <a href=\"https:\/\/www.white-baos.com\/es\/es-privacidad\/\" target=\"_blank\">pol\u00edtica de privacidad<\/a><\/span><\/label><\/span><\/span><\/span><br \/>\n<br \/>\n<input class=\"wpcf7-form-control wpcf7-submit has-spinner\" type=\"submit\" value=\"Enviar\" \/>\n<\/p><div class=\"wpcf7-response-output\" aria-hidden=\"true\"><\/div>\n<\/form>\n<\/div>\n\n<\/div>\n\n\n\n<div class=\"wp-block-column is-layout-flow wp-block-column-is-layout-flow\">\n<iframe src=\"https:\/\/www.google.com\/maps\/embed?pb=!1m14!1m8!1m3!1d776.9237322488414!2d0.107536!3d38.839447!3m2!1i1024!2i768!4f13.1!3m3!1m2!1s0x0%3A0x5034bfb5eff11729!2sWhite%20Baos%20Abogados!5e0!3m2!1ses!2ses!4v1599733499028!5m2!1ses!2ses\" width=\"600\" height=\"450\" frameborder=\"0\" style=\"border:0;\" allowfullscreen=\"\" aria-hidden=\"false\" tabindex=\"0\"><\/iframe>\n<\/div>\n<\/div>\n\n\n\n<p class=\"wp-block-paragraph\"><\/p>\n","protected":false},"excerpt":{"rendered":"<p>Oficina Principal White Baos Abogados: Calle Diana No. 19, 2\u00baD03700, Denia, Alicante, Espa\u00f1a Tel\u00e9fono: +34 966 426 185Fax: +34 965 784 471 E-mail:&nbsp;info@white-baos.com Prestamos servicios en toda Espa\u00f1a. Especialmente en la Comunidad Valenciana (Alicante), Murcia y Baleares. Tambi\u00e9n a nivel local en la Costa Blanca, principalmente en las siguientes \u00e1reas: Denia, Javea, Calpe, Moraira, Benissa, [&#8230;]<\/p>\n<p><a class=\"btn btn-primary understrap-read-more-link\" href=\"https:\/\/www.white-baos.com\/es\/contacto\/\">Leer m\u00e1s&#8230;<\/a><\/p>\n","protected":false},"author":1,"featured_media":8911,"parent":0,"menu_order":0,"comment_status":"closed","ping_status":"closed","template":"page-templates\/fullwidthpage.php","meta":{"_crdt_document":"","footnotes":""},"class_list":["post-7313","page","type-page","status-publish","has-post-thumbnail","hentry"],"yoast_head":"<!-- This site is optimized with the Yoast SEO plugin v27.0 - https:\/\/yoast.com\/product\/yoast-seo-wordpress\/ -->\n<title>Contacte con nuestros abogados espa\u00f1oles<\/title>\n<meta name=\"description\" content=\"Contacte con nuestros abogados espa\u00f1oles. Prestamos servicios en la Costa Blanca. Denia, Javea, Calpe, Moraira, Benissa, Jalon, y Teulada\" \/>\n<meta name=\"robots\" content=\"index, follow, max-snippet:-1, max-image-preview:large, max-video-preview:-1\" \/>\n<link rel=\"canonical\" href=\"https:\/\/www.white-baos.com\/es\/contacto\/\" \/>\n<meta property=\"og:locale\" content=\"es_ES\" \/>\n<meta property=\"og:type\" content=\"article\" \/>\n<meta property=\"og:title\" content=\"Contacte con nuestros abogados espa\u00f1oles\" \/>\n<meta property=\"og:description\" content=\"Contacte con nuestros abogados espa\u00f1oles. Prestamos servicios en la Costa Blanca. Denia, Javea, Calpe, Moraira, Benissa, Jalon, y Teulada\" \/>\n<meta property=\"og:url\" content=\"https:\/\/www.white-baos.com\/es\/contacto\/\" \/>\n<meta property=\"og:site_name\" content=\"White &amp; Baos, Abogados &amp; Solicitors\" \/>\n<meta property=\"article:modified_time\" content=\"2022-06-27T16:35:36+00:00\" \/>\n<meta property=\"og:image\" content=\"https:\/\/www.white-baos.com\/wp-content\/uploads\/2020\/09\/fondo-contacto-alt.jpg\" \/>\n\t<meta property=\"og:image:width\" content=\"1440\" \/>\n\t<meta property=\"og:image:height\" content=\"555\" \/>\n\t<meta property=\"og:image:type\" content=\"image\/jpeg\" \/>\n<meta name=\"twitter:card\" content=\"summary_large_image\" \/>\n<meta name=\"twitter:label1\" content=\"Tiempo de lectura\" \/>\n\t<meta name=\"twitter:data1\" content=\"1 minuto\" \/>\n<script type=\"application\/ld+json\" class=\"yoast-schema-graph\">{\"@context\":\"https:\/\/schema.org\",\"@graph\":[{\"@type\":\"WebPage\",\"@id\":\"https:\/\/www.white-baos.com\/es\/contacto\/\",\"url\":\"https:\/\/www.white-baos.com\/es\/contacto\/\",\"name\":\"Contacte con nuestros abogados espa\u00f1oles\",\"isPartOf\":{\"@id\":\"https:\/\/www.white-baos.com\/es\/#website\"},\"primaryImageOfPage\":{\"@id\":\"https:\/\/www.white-baos.com\/es\/contacto\/#primaryimage\"},\"image\":{\"@id\":\"https:\/\/www.white-baos.com\/es\/contacto\/#primaryimage\"},\"thumbnailUrl\":\"https:\/\/www.white-baos.com\/wp-content\/uploads\/2020\/09\/fondo-contacto-alt.jpg\",\"datePublished\":\"2020-09-03T15:23:14+00:00\",\"dateModified\":\"2022-06-27T16:35:36+00:00\",\"description\":\"Contacte con nuestros abogados espa\u00f1oles. Prestamos servicios en la Costa Blanca. Denia, Javea, Calpe, Moraira, Benissa, Jalon, y Teulada\",\"breadcrumb\":{\"@id\":\"https:\/\/www.white-baos.com\/es\/contacto\/#breadcrumb\"},\"inLanguage\":\"es\",\"potentialAction\":[{\"@type\":\"ReadAction\",\"target\":[\"https:\/\/www.white-baos.com\/es\/contacto\/\"]}]},{\"@type\":\"ImageObject\",\"inLanguage\":\"es\",\"@id\":\"https:\/\/www.white-baos.com\/es\/contacto\/#primaryimage\",\"url\":\"https:\/\/www.white-baos.com\/wp-content\/uploads\/2020\/09\/fondo-contacto-alt.jpg\",\"contentUrl\":\"https:\/\/www.white-baos.com\/wp-content\/uploads\/2020\/09\/fondo-contacto-alt.jpg\",\"width\":1440,\"height\":555},{\"@type\":\"BreadcrumbList\",\"@id\":\"https:\/\/www.white-baos.com\/es\/contacto\/#breadcrumb\",\"itemListElement\":[{\"@type\":\"ListItem\",\"position\":1,\"name\":\"Portada\",\"item\":\"https:\/\/www.white-baos.com\/es\/\"},{\"@type\":\"ListItem\",\"position\":2,\"name\":\"Contacto\"}]},{\"@type\":\"WebSite\",\"@id\":\"https:\/\/www.white-baos.com\/es\/#website\",\"url\":\"https:\/\/www.white-baos.com\/es\/\",\"name\":\"White &amp; Baos, Abogados &amp; Solicitors\",\"description\":\"Anglo Spanish law firm established by both Spanish and UK lawyers based in Denia Alicante Spain\",\"publisher\":{\"@id\":\"https:\/\/www.white-baos.com\/es\/#organization\"},\"potentialAction\":[{\"@type\":\"SearchAction\",\"target\":{\"@type\":\"EntryPoint\",\"urlTemplate\":\"https:\/\/www.white-baos.com\/es\/?s={search_term_string}\"},\"query-input\":{\"@type\":\"PropertyValueSpecification\",\"valueRequired\":true,\"valueName\":\"search_term_string\"}}],\"inLanguage\":\"es\"},{\"@type\":\"Organization\",\"@id\":\"https:\/\/www.white-baos.com\/es\/#organization\",\"name\":\"White &amp; Baos, Abogados &amp; Solicitors\",\"url\":\"https:\/\/www.white-baos.com\/es\/\",\"logo\":{\"@type\":\"ImageObject\",\"inLanguage\":\"es\",\"@id\":\"https:\/\/www.white-baos.com\/es\/#\/schema\/logo\/image\/\",\"url\":\"https:\/\/www.white-baos.com\/wp-content\/uploads\/2022\/09\/logo-wb-legalboutique-rojo.svg\",\"contentUrl\":\"https:\/\/www.white-baos.com\/wp-content\/uploads\/2022\/09\/logo-wb-legalboutique-rojo.svg\",\"width\":100,\"height\":100,\"caption\":\"White &amp; Baos, Abogados &amp; Solicitors\"},\"image\":{\"@id\":\"https:\/\/www.white-baos.com\/es\/#\/schema\/logo\/image\/\"}}]}<\/script>\n<!-- \/ Yoast SEO plugin. -->","yoast_head_json":{"title":"Contacte con nuestros abogados espa\u00f1oles","description":"Contacte con nuestros abogados espa\u00f1oles. Prestamos servicios en la Costa Blanca. Denia, Javea, Calpe, Moraira, Benissa, Jalon, y Teulada","robots":{"index":"index","follow":"follow","max-snippet":"max-snippet:-1","max-image-preview":"max-image-preview:large","max-video-preview":"max-video-preview:-1"},"canonical":"https:\/\/www.white-baos.com\/es\/contacto\/","og_locale":"es_ES","og_type":"article","og_title":"Contacte con nuestros abogados espa\u00f1oles","og_description":"Contacte con nuestros abogados espa\u00f1oles. Prestamos servicios en la Costa Blanca. Denia, Javea, Calpe, Moraira, Benissa, Jalon, y Teulada","og_url":"https:\/\/www.white-baos.com\/es\/contacto\/","og_site_name":"White &amp; Baos, Abogados &amp; Solicitors","article_modified_time":"2022-06-27T16:35:36+00:00","og_image":[{"width":1440,"height":555,"url":"https:\/\/www.white-baos.com\/wp-content\/uploads\/2020\/09\/fondo-contacto-alt.jpg","type":"image\/jpeg"}],"twitter_card":"summary_large_image","twitter_misc":{"Tiempo de lectura":"1 minuto"},"schema":{"@context":"https:\/\/schema.org","@graph":[{"@type":"WebPage","@id":"https:\/\/www.white-baos.com\/es\/contacto\/","url":"https:\/\/www.white-baos.com\/es\/contacto\/","name":"Contacte con nuestros abogados espa\u00f1oles","isPartOf":{"@id":"https:\/\/www.white-baos.com\/es\/#website"},"primaryImageOfPage":{"@id":"https:\/\/www.white-baos.com\/es\/contacto\/#primaryimage"},"image":{"@id":"https:\/\/www.white-baos.com\/es\/contacto\/#primaryimage"},"thumbnailUrl":"https:\/\/www.white-baos.com\/wp-content\/uploads\/2020\/09\/fondo-contacto-alt.jpg","datePublished":"2020-09-03T15:23:14+00:00","dateModified":"2022-06-27T16:35:36+00:00","description":"Contacte con nuestros abogados espa\u00f1oles. Prestamos servicios en la Costa Blanca. Denia, Javea, Calpe, Moraira, Benissa, Jalon, y Teulada","breadcrumb":{"@id":"https:\/\/www.white-baos.com\/es\/contacto\/#breadcrumb"},"inLanguage":"es","potentialAction":[{"@type":"ReadAction","target":["https:\/\/www.white-baos.com\/es\/contacto\/"]}]},{"@type":"ImageObject","inLanguage":"es","@id":"https:\/\/www.white-baos.com\/es\/contacto\/#primaryimage","url":"https:\/\/www.white-baos.com\/wp-content\/uploads\/2020\/09\/fondo-contacto-alt.jpg","contentUrl":"https:\/\/www.white-baos.com\/wp-content\/uploads\/2020\/09\/fondo-contacto-alt.jpg","width":1440,"height":555},{"@type":"BreadcrumbList","@id":"https:\/\/www.white-baos.com\/es\/contacto\/#breadcrumb","itemListElement":[{"@type":"ListItem","position":1,"name":"Portada","item":"https:\/\/www.white-baos.com\/es\/"},{"@type":"ListItem","position":2,"name":"Contacto"}]},{"@type":"WebSite","@id":"https:\/\/www.white-baos.com\/es\/#website","url":"https:\/\/www.white-baos.com\/es\/","name":"White &amp; Baos, Abogados &amp; Solicitors","description":"Anglo Spanish law firm established by both Spanish and UK lawyers based in Denia Alicante Spain","publisher":{"@id":"https:\/\/www.white-baos.com\/es\/#organization"},"potentialAction":[{"@type":"SearchAction","target":{"@type":"EntryPoint","urlTemplate":"https:\/\/www.white-baos.com\/es\/?s={search_term_string}"},"query-input":{"@type":"PropertyValueSpecification","valueRequired":true,"valueName":"search_term_string"}}],"inLanguage":"es"},{"@type":"Organization","@id":"https:\/\/www.white-baos.com\/es\/#organization","name":"White &amp; Baos, Abogados &amp; Solicitors","url":"https:\/\/www.white-baos.com\/es\/","logo":{"@type":"ImageObject","inLanguage":"es","@id":"https:\/\/www.white-baos.com\/es\/#\/schema\/logo\/image\/","url":"https:\/\/www.white-baos.com\/wp-content\/uploads\/2022\/09\/logo-wb-legalboutique-rojo.svg","contentUrl":"https:\/\/www.white-baos.com\/wp-content\/uploads\/2022\/09\/logo-wb-legalboutique-rojo.svg","width":100,"height":100,"caption":"White &amp; Baos, Abogados &amp; Solicitors"},"image":{"@id":"https:\/\/www.white-baos.com\/es\/#\/schema\/logo\/image\/"}}]}},"jetpack_sharing_enabled":true,"jetpack_likes_enabled":true,"_links":{"self":[{"href":"https:\/\/www.white-baos.com\/es\/wp-json\/wp\/v2\/pages\/7313","targetHints":{"allow":["GET"]}}],"collection":[{"href":"https:\/\/www.white-baos.com\/es\/wp-json\/wp\/v2\/pages"}],"about":[{"href":"https:\/\/www.white-baos.com\/es\/wp-json\/wp\/v2\/types\/page"}],"author":[{"embeddable":true,"href":"https:\/\/www.white-baos.com\/es\/wp-json\/wp\/v2\/users\/1"}],"replies":[{"embeddable":true,"href":"https:\/\/www.white-baos.com\/es\/wp-json\/wp\/v2\/comments?post=7313"}],"version-history":[{"count":18,"href":"https:\/\/www.white-baos.com\/es\/wp-json\/wp\/v2\/pages\/7313\/revisions"}],"predecessor-version":[{"id":12012,"href":"https:\/\/www.white-baos.com\/es\/wp-json\/wp\/v2\/pages\/7313\/revisions\/12012"}],"wp:featuredmedia":[{"embeddable":true,"href":"https:\/\/www.white-baos.com\/es\/wp-json\/wp\/v2\/media\/8911"}],"wp:attachment":[{"href":"https:\/\/www.white-baos.com\/es\/wp-json\/wp\/v2\/media?parent=7313"}],"curies":[{"name":"wp","href":"https:\/\/api.w.org\/{rel}","templated":true}]}}