{"id":5642,"date":"2020-07-31T12:07:09","date_gmt":"2020-07-31T12:07:09","guid":{"rendered":"https:\/\/www.white-baos.com\/?page_id=5642"},"modified":"2024-04-19T13:03:51","modified_gmt":"2024-04-19T11:03:51","slug":"quienes-somos","status":"publish","type":"page","link":"https:\/\/www.white-baos.com\/es\/quienes-somos\/","title":{"rendered":"Comprometidos con las necesidades de nuestros clientes"},"content":{"rendered":"\n<div class=\"wp-block-columns is-layout-flex wp-container-core-columns-is-layout-8f761849 wp-block-columns-is-layout-flex\">\n<div class=\"wp-block-column is-layout-flow wp-block-column-is-layout-flow\" style=\"flex-basis:66.66%\">\n<p class=\"wp-block-paragraph\">White &amp; Baos es un despacho de abogados comprometido con la defensa de los derechos de nuestros clientes, fundado sobre una fuerte \u00e9tica profesional clave para nuestro desarrollo.<\/p>\n\n\n\n<p class=\"wp-block-paragraph\">Somos proactivos, entendemos las circunstancias de nuestros clientes, respetamos, confiamos, reconocemos y nos comprometemos con sus intereses y necesidades.<\/p>\n\n\n\n<p class=\"wp-block-paragraph\">Somos un despacho con energ\u00eda positiva, que innova y evoluciona, basado en la profesionalidad, equilibrio-proporcionalidad, responsabilidad, efectividad y&nbsp; honestidad.<\/p>\n\n\n\n<p class=\"wp-block-paragraph\">Prestamos nuestros servicios en toda Espa\u00f1a, principalmente en Alicante, Comunidad Valenciana, Murcia y las Islas Baleares.<\/p>\n\n\n\n<p class=\"wp-block-paragraph\"><\/p>\n\n\n\n<p class=\"wp-block-paragraph\">Nuestros fundadores:<\/p>\n\n\n\n<div class=\"wp-block-media-text alignwide is-vertically-aligned-center is-stacked-on-mobile\" style=\"grid-template-columns:29% auto\"><figure class=\"wp-block-media-text__media\"><img fetchpriority=\"high\" decoding=\"async\" width=\"409\" height=\"383\" src=\"https:\/\/www.white-baos.com\/wp-content\/uploads\/2024\/04\/PEQ-FOTO-CARLOS-BAOS-ABOGADO-SOLICITOR-DENIA-COSTA-BLANCA.jpg\" alt=\"\" class=\"wp-image-14252 size-full\" srcset=\"https:\/\/www.white-baos.com\/wp-content\/uploads\/2024\/04\/PEQ-FOTO-CARLOS-BAOS-ABOGADO-SOLICITOR-DENIA-COSTA-BLANCA.jpg 409w, https:\/\/www.white-baos.com\/wp-content\/uploads\/2024\/04\/PEQ-FOTO-CARLOS-BAOS-ABOGADO-SOLICITOR-DENIA-COSTA-BLANCA-300x281.jpg 300w\" sizes=\"(max-width: 409px) 100vw, 409px\" \/><\/figure><div class=\"wp-block-media-text__content\">\n<p class=\"wp-block-paragraph\"><strong>Don Carlos Baos Torregrosa<\/strong>&nbsp;abogado espa\u00f1ol, inscrito en el colegio de abogados de Alicante, como colegiado 5756. Se gradu\u00f3 en la Universidad de Alicante en 1999, es Master en Asesor\u00eda Jur\u00eddica de Empresas en Fundesem en 2.000. Carlos est\u00e1 muy comprometido con la defensa de los derechos de los expatriados en Espa\u00f1a, ante la discriminaci\u00f3n y los abusos urban\u00edsticos, inmobiliarios, bancarios, fiscales, etc.<\/p>\n<\/div><\/div>\n\n\n\n<div style=\"height:25px\" aria-hidden=\"true\" class=\"wp-block-spacer\"><\/div>\n\n\n\n<div class=\"wp-block-media-text alignwide has-media-on-the-right is-vertically-aligned-center is-stacked-on-mobile\" style=\"grid-template-columns:auto 30%\"><div class=\"wp-block-media-text__content\">\n<p class=\"wp-block-paragraph\"><strong>Don Marc R White<\/strong>&nbsp;solicitor ( abogado ingl\u00e9s) y notario p\u00fablico ingl\u00e9s, perteneciente al Colegio de Abogados de Inglaterra y Gales (Law Society of England and Wales). Natural de Bristol, se gradu\u00f3 en la Universidad de Cardiff en 1992, pasando los ex\u00e1menes definitivos del Colegio de Abogados de Inglaterra y Gales en 1993. En la actualidad trabaja en el Reino Unido como abogado y notario p\u00fablico y colabora con White &amp; Baos.<\/p>\n<\/div><figure class=\"wp-block-media-text__media\"><img decoding=\"async\" width=\"640\" height=\"426\" src=\"https:\/\/www.white-baos.com\/wp-content\/uploads\/2020\/09\/marcwhite.jpg\" alt=\"\" class=\"wp-image-9013 size-full\" srcset=\"https:\/\/www.white-baos.com\/wp-content\/uploads\/2020\/09\/marcwhite.jpg 640w, https:\/\/www.white-baos.com\/wp-content\/uploads\/2020\/09\/marcwhite-300x200.jpg 300w\" sizes=\"(max-width: 640px) 100vw, 640px\" \/><\/figure><\/div>\n<\/div>\n\n\n\n<div class=\"wp-block-column is-layout-flow wp-block-column-is-layout-flow\" style=\"flex-basis:33.33%\">\n<h2 class=\"wp-block-heading\">Cont\u00e1ctenos<\/h2>\n\n\n\n<div class=\"wpcf7 no-js\" id=\"wpcf7-f8900-o1\" lang=\"es-ES\" dir=\"ltr\" data-wpcf7-id=\"8900\">\n<div class=\"screen-reader-response\"><p role=\"status\" aria-live=\"polite\" aria-atomic=\"true\"><\/p> <ul><\/ul><\/div>\n<form action=\"\/es\/wp-json\/wp\/v2\/pages\/5642#wpcf7-f8900-o1\" method=\"post\" class=\"wpcf7-form init\" aria-label=\"Formulario de contacto\" novalidate=\"novalidate\" data-status=\"init\">\n<fieldset class=\"hidden-fields-container\"><input type=\"hidden\" name=\"_wpcf7\" value=\"8900\" \/><input type=\"hidden\" name=\"_wpcf7_version\" value=\"6.1.5\" \/><input type=\"hidden\" name=\"_wpcf7_locale\" value=\"es_ES\" \/><input type=\"hidden\" name=\"_wpcf7_unit_tag\" value=\"wpcf7-f8900-o1\" \/><input type=\"hidden\" name=\"_wpcf7_container_post\" value=\"0\" \/><input type=\"hidden\" name=\"_wpcf7_posted_data_hash\" value=\"\" \/><input type=\"hidden\" name=\"_wpcf7_recaptcha_response\" value=\"\" \/>\n<\/fieldset>\n<p><label> Nombre (*)<br \/>\n<span class=\"wpcf7-form-control-wrap\" data-name=\"your-name\"><input size=\"40\" maxlength=\"400\" class=\"wpcf7-form-control wpcf7-text wpcf7-validates-as-required\" aria-required=\"true\" aria-invalid=\"false\" value=\"\" type=\"text\" name=\"your-name\" \/><\/span> <\/label>\n<\/p>\n<p><label> Tel\u00e9fono<br \/>\n<span class=\"wpcf7-form-control-wrap\" data-name=\"your-phone\"><input size=\"40\" maxlength=\"400\" class=\"wpcf7-form-control wpcf7-tel wpcf7-text wpcf7-validates-as-tel\" aria-invalid=\"false\" value=\"\" type=\"tel\" name=\"your-phone\" \/><\/span> <\/label>\n<\/p>\n<p><label> e-mail (*)<br \/>\n<span class=\"wpcf7-form-control-wrap\" data-name=\"your-email\"><input size=\"40\" maxlength=\"400\" class=\"wpcf7-form-control wpcf7-email wpcf7-validates-as-required wpcf7-text wpcf7-validates-as-email\" aria-required=\"true\" aria-invalid=\"false\" value=\"\" type=\"email\" name=\"your-email\" \/><\/span> <\/label>\n<\/p>\n<p><label> Consulta<br \/>\n<span class=\"wpcf7-form-control-wrap\" data-name=\"your-message\"><textarea cols=\"40\" rows=\"10\" maxlength=\"2000\" class=\"wpcf7-form-control wpcf7-textarea\" aria-invalid=\"false\" name=\"your-message\"><\/textarea><\/span> <\/label><br \/>\n<span class=\"wpcf7-form-control-wrap\" data-name=\"acceptance-14\"><span class=\"wpcf7-form-control wpcf7-acceptance optional\"><span class=\"wpcf7-list-item\"><label><input type=\"checkbox\" name=\"acceptance-14\" value=\"1\" aria-invalid=\"false\" \/><span class=\"wpcf7-list-item-label\">Acepto la <a href=\"https:\/\/www.white-baos.com\/es\/es-privacidad\/\" target=\"_blank\">pol\u00edtica de privacidad<\/a><\/span><\/label><\/span><\/span><\/span><br \/>\n<br \/>\n<input class=\"wpcf7-form-control wpcf7-submit has-spinner\" type=\"submit\" value=\"Enviar\" \/>\n<\/p><div class=\"wpcf7-response-output\" aria-hidden=\"true\"><\/div>\n<\/form>\n<\/div>\n\n<\/div>\n<\/div>\n","protected":false},"excerpt":{"rendered":"<p>White &amp; Baos es un despacho de abogados comprometido con la defensa de los derechos de nuestros clientes, fundado sobre una fuerte \u00e9tica profesional clave para nuestro desarrollo. Somos proactivos, entendemos las circunstancias de nuestros clientes, respetamos, confiamos, reconocemos y nos comprometemos con sus intereses y necesidades. Somos un despacho con energ\u00eda positiva, que innova [&#8230;]<\/p>\n<p><a class=\"btn btn-primary understrap-read-more-link\" href=\"https:\/\/www.white-baos.com\/es\/quienes-somos\/\">Leer m\u00e1s&#8230;<\/a><\/p>\n","protected":false},"author":1,"featured_media":7785,"parent":0,"menu_order":0,"comment_status":"closed","ping_status":"closed","template":"page-templates\/fullwidthpage.php","meta":{"_crdt_document":"","footnotes":""},"class_list":["post-5642","page","type-page","status-publish","has-post-thumbnail","hentry"],"yoast_head":"<!-- This site is optimized with the Yoast SEO plugin v27.0 - https:\/\/yoast.com\/product\/yoast-seo-wordpress\/ -->\n<title>Comprometidos con las necesidades de nuestros clientes - White &amp; Baos, Abogados &amp; Solicitors<\/title>\n<meta name=\"robots\" content=\"index, follow, max-snippet:-1, max-image-preview:large, max-video-preview:-1\" \/>\n<link rel=\"canonical\" href=\"https:\/\/www.white-baos.com\/es\/quienes-somos\/\" \/>\n<meta property=\"og:locale\" content=\"es_ES\" \/>\n<meta property=\"og:type\" content=\"article\" \/>\n<meta property=\"og:title\" content=\"Comprometidos con las necesidades de nuestros clientes - White &amp; Baos, Abogados &amp; Solicitors\" \/>\n<meta property=\"og:description\" content=\"White &amp; Baos es un despacho de abogados comprometido con la defensa de los derechos de nuestros clientes, fundado sobre una fuerte \u00e9tica profesional clave para nuestro desarrollo. Somos proactivos, entendemos las circunstancias de nuestros clientes, respetamos, confiamos, reconocemos y nos comprometemos con sus intereses y necesidades. Somos un despacho con energ\u00eda positiva, que innova [...]Leer m\u00e1s...\" \/>\n<meta property=\"og:url\" content=\"https:\/\/www.white-baos.com\/es\/quienes-somos\/\" \/>\n<meta property=\"og:site_name\" content=\"White &amp; Baos, Abogados &amp; Solicitors\" \/>\n<meta property=\"article:modified_time\" content=\"2024-04-19T11:03:51+00:00\" \/>\n<meta property=\"og:image\" content=\"https:\/\/www.white-baos.com\/wp-content\/uploads\/2020\/09\/torre-denia.jpg\" \/>\n\t<meta property=\"og:image:width\" content=\"1280\" \/>\n\t<meta property=\"og:image:height\" content=\"853\" \/>\n\t<meta property=\"og:image:type\" content=\"image\/jpeg\" \/>\n<meta name=\"twitter:card\" content=\"summary_large_image\" \/>\n<meta name=\"twitter:label1\" content=\"Tiempo de lectura\" \/>\n\t<meta name=\"twitter:data1\" content=\"2 minutos\" \/>\n<script type=\"application\/ld+json\" class=\"yoast-schema-graph\">{\"@context\":\"https:\/\/schema.org\",\"@graph\":[{\"@type\":\"WebPage\",\"@id\":\"https:\/\/www.white-baos.com\/es\/quienes-somos\/\",\"url\":\"https:\/\/www.white-baos.com\/es\/quienes-somos\/\",\"name\":\"Comprometidos con las necesidades de nuestros clientes - White &amp; Baos, Abogados &amp; Solicitors\",\"isPartOf\":{\"@id\":\"https:\/\/www.white-baos.com\/es\/#website\"},\"primaryImageOfPage\":{\"@id\":\"https:\/\/www.white-baos.com\/es\/quienes-somos\/#primaryimage\"},\"image\":{\"@id\":\"https:\/\/www.white-baos.com\/es\/quienes-somos\/#primaryimage\"},\"thumbnailUrl\":\"https:\/\/www.white-baos.com\/wp-content\/uploads\/2020\/09\/torre-denia.jpg\",\"datePublished\":\"2020-07-31T12:07:09+00:00\",\"dateModified\":\"2024-04-19T11:03:51+00:00\",\"breadcrumb\":{\"@id\":\"https:\/\/www.white-baos.com\/es\/quienes-somos\/#breadcrumb\"},\"inLanguage\":\"es\",\"potentialAction\":[{\"@type\":\"ReadAction\",\"target\":[\"https:\/\/www.white-baos.com\/es\/quienes-somos\/\"]}]},{\"@type\":\"ImageObject\",\"inLanguage\":\"es\",\"@id\":\"https:\/\/www.white-baos.com\/es\/quienes-somos\/#primaryimage\",\"url\":\"https:\/\/www.white-baos.com\/wp-content\/uploads\/2020\/09\/torre-denia.jpg\",\"contentUrl\":\"https:\/\/www.white-baos.com\/wp-content\/uploads\/2020\/09\/torre-denia.jpg\",\"width\":1280,\"height\":853},{\"@type\":\"BreadcrumbList\",\"@id\":\"https:\/\/www.white-baos.com\/es\/quienes-somos\/#breadcrumb\",\"itemListElement\":[{\"@type\":\"ListItem\",\"position\":1,\"name\":\"Portada\",\"item\":\"https:\/\/www.white-baos.com\/es\/\"},{\"@type\":\"ListItem\",\"position\":2,\"name\":\"Comprometidos con las necesidades de nuestros clientes\"}]},{\"@type\":\"WebSite\",\"@id\":\"https:\/\/www.white-baos.com\/es\/#website\",\"url\":\"https:\/\/www.white-baos.com\/es\/\",\"name\":\"White &amp; Baos, Abogados &amp; Solicitors\",\"description\":\"Anglo Spanish law firm established by both Spanish and UK lawyers based in Denia Alicante Spain\",\"publisher\":{\"@id\":\"https:\/\/www.white-baos.com\/es\/#organization\"},\"potentialAction\":[{\"@type\":\"SearchAction\",\"target\":{\"@type\":\"EntryPoint\",\"urlTemplate\":\"https:\/\/www.white-baos.com\/es\/?s={search_term_string}\"},\"query-input\":{\"@type\":\"PropertyValueSpecification\",\"valueRequired\":true,\"valueName\":\"search_term_string\"}}],\"inLanguage\":\"es\"},{\"@type\":\"Organization\",\"@id\":\"https:\/\/www.white-baos.com\/es\/#organization\",\"name\":\"White &amp; Baos, Abogados &amp; Solicitors\",\"url\":\"https:\/\/www.white-baos.com\/es\/\",\"logo\":{\"@type\":\"ImageObject\",\"inLanguage\":\"es\",\"@id\":\"https:\/\/www.white-baos.com\/es\/#\/schema\/logo\/image\/\",\"url\":\"https:\/\/www.white-baos.com\/wp-content\/uploads\/2022\/09\/logo-wb-legalboutique-rojo.svg\",\"contentUrl\":\"https:\/\/www.white-baos.com\/wp-content\/uploads\/2022\/09\/logo-wb-legalboutique-rojo.svg\",\"width\":100,\"height\":100,\"caption\":\"White &amp; Baos, Abogados &amp; Solicitors\"},\"image\":{\"@id\":\"https:\/\/www.white-baos.com\/es\/#\/schema\/logo\/image\/\"}}]}<\/script>\n<!-- \/ Yoast SEO plugin. -->","yoast_head_json":{"title":"Comprometidos con las necesidades de nuestros clientes - White &amp; Baos, Abogados &amp; Solicitors","robots":{"index":"index","follow":"follow","max-snippet":"max-snippet:-1","max-image-preview":"max-image-preview:large","max-video-preview":"max-video-preview:-1"},"canonical":"https:\/\/www.white-baos.com\/es\/quienes-somos\/","og_locale":"es_ES","og_type":"article","og_title":"Comprometidos con las necesidades de nuestros clientes - White &amp; Baos, Abogados &amp; Solicitors","og_description":"White &amp; Baos es un despacho de abogados comprometido con la defensa de los derechos de nuestros clientes, fundado sobre una fuerte \u00e9tica profesional clave para nuestro desarrollo. Somos proactivos, entendemos las circunstancias de nuestros clientes, respetamos, confiamos, reconocemos y nos comprometemos con sus intereses y necesidades. Somos un despacho con energ\u00eda positiva, que innova [...]Leer m\u00e1s...","og_url":"https:\/\/www.white-baos.com\/es\/quienes-somos\/","og_site_name":"White &amp; Baos, Abogados &amp; Solicitors","article_modified_time":"2024-04-19T11:03:51+00:00","og_image":[{"width":1280,"height":853,"url":"https:\/\/www.white-baos.com\/wp-content\/uploads\/2020\/09\/torre-denia.jpg","type":"image\/jpeg"}],"twitter_card":"summary_large_image","twitter_misc":{"Tiempo de lectura":"2 minutos"},"schema":{"@context":"https:\/\/schema.org","@graph":[{"@type":"WebPage","@id":"https:\/\/www.white-baos.com\/es\/quienes-somos\/","url":"https:\/\/www.white-baos.com\/es\/quienes-somos\/","name":"Comprometidos con las necesidades de nuestros clientes - White &amp; Baos, Abogados &amp; Solicitors","isPartOf":{"@id":"https:\/\/www.white-baos.com\/es\/#website"},"primaryImageOfPage":{"@id":"https:\/\/www.white-baos.com\/es\/quienes-somos\/#primaryimage"},"image":{"@id":"https:\/\/www.white-baos.com\/es\/quienes-somos\/#primaryimage"},"thumbnailUrl":"https:\/\/www.white-baos.com\/wp-content\/uploads\/2020\/09\/torre-denia.jpg","datePublished":"2020-07-31T12:07:09+00:00","dateModified":"2024-04-19T11:03:51+00:00","breadcrumb":{"@id":"https:\/\/www.white-baos.com\/es\/quienes-somos\/#breadcrumb"},"inLanguage":"es","potentialAction":[{"@type":"ReadAction","target":["https:\/\/www.white-baos.com\/es\/quienes-somos\/"]}]},{"@type":"ImageObject","inLanguage":"es","@id":"https:\/\/www.white-baos.com\/es\/quienes-somos\/#primaryimage","url":"https:\/\/www.white-baos.com\/wp-content\/uploads\/2020\/09\/torre-denia.jpg","contentUrl":"https:\/\/www.white-baos.com\/wp-content\/uploads\/2020\/09\/torre-denia.jpg","width":1280,"height":853},{"@type":"BreadcrumbList","@id":"https:\/\/www.white-baos.com\/es\/quienes-somos\/#breadcrumb","itemListElement":[{"@type":"ListItem","position":1,"name":"Portada","item":"https:\/\/www.white-baos.com\/es\/"},{"@type":"ListItem","position":2,"name":"Comprometidos con las necesidades de nuestros clientes"}]},{"@type":"WebSite","@id":"https:\/\/www.white-baos.com\/es\/#website","url":"https:\/\/www.white-baos.com\/es\/","name":"White &amp; Baos, Abogados &amp; Solicitors","description":"Anglo Spanish law firm established by both Spanish and UK lawyers based in Denia Alicante Spain","publisher":{"@id":"https:\/\/www.white-baos.com\/es\/#organization"},"potentialAction":[{"@type":"SearchAction","target":{"@type":"EntryPoint","urlTemplate":"https:\/\/www.white-baos.com\/es\/?s={search_term_string}"},"query-input":{"@type":"PropertyValueSpecification","valueRequired":true,"valueName":"search_term_string"}}],"inLanguage":"es"},{"@type":"Organization","@id":"https:\/\/www.white-baos.com\/es\/#organization","name":"White &amp; Baos, Abogados &amp; Solicitors","url":"https:\/\/www.white-baos.com\/es\/","logo":{"@type":"ImageObject","inLanguage":"es","@id":"https:\/\/www.white-baos.com\/es\/#\/schema\/logo\/image\/","url":"https:\/\/www.white-baos.com\/wp-content\/uploads\/2022\/09\/logo-wb-legalboutique-rojo.svg","contentUrl":"https:\/\/www.white-baos.com\/wp-content\/uploads\/2022\/09\/logo-wb-legalboutique-rojo.svg","width":100,"height":100,"caption":"White &amp; Baos, Abogados &amp; Solicitors"},"image":{"@id":"https:\/\/www.white-baos.com\/es\/#\/schema\/logo\/image\/"}}]}},"jetpack_sharing_enabled":true,"jetpack_likes_enabled":true,"_links":{"self":[{"href":"https:\/\/www.white-baos.com\/es\/wp-json\/wp\/v2\/pages\/5642","targetHints":{"allow":["GET"]}}],"collection":[{"href":"https:\/\/www.white-baos.com\/es\/wp-json\/wp\/v2\/pages"}],"about":[{"href":"https:\/\/www.white-baos.com\/es\/wp-json\/wp\/v2\/types\/page"}],"author":[{"embeddable":true,"href":"https:\/\/www.white-baos.com\/es\/wp-json\/wp\/v2\/users\/1"}],"replies":[{"embeddable":true,"href":"https:\/\/www.white-baos.com\/es\/wp-json\/wp\/v2\/comments?post=5642"}],"version-history":[{"count":8,"href":"https:\/\/www.white-baos.com\/es\/wp-json\/wp\/v2\/pages\/5642\/revisions"}],"predecessor-version":[{"id":14256,"href":"https:\/\/www.white-baos.com\/es\/wp-json\/wp\/v2\/pages\/5642\/revisions\/14256"}],"wp:featuredmedia":[{"embeddable":true,"href":"https:\/\/www.white-baos.com\/es\/wp-json\/wp\/v2\/media\/7785"}],"wp:attachment":[{"href":"https:\/\/www.white-baos.com\/es\/wp-json\/wp\/v2\/media?parent=5642"}],"curies":[{"name":"wp","href":"https:\/\/api.w.org\/{rel}","templated":true}]}}