{"id":7331,"date":"2020-09-03T15:36:22","date_gmt":"2020-09-03T15:36:22","guid":{"rendered":"https:\/\/www.white-baos.com\/?page_id=7331"},"modified":"2024-04-19T13:06:23","modified_gmt":"2024-04-19T11:06:23","slug":"wir-sind-dem-anspruch-verpflichtet-uns-fuer-die-erfuellung-der-beduerfnisse-unserer-mandanten-einzusetzten","status":"publish","type":"page","link":"https:\/\/www.white-baos.com\/de\/wir-sind-dem-anspruch-verpflichtet-uns-fuer-die-erfuellung-der-beduerfnisse-unserer-mandanten-einzusetzten\/","title":{"rendered":"Wir sind dem Anspruch verpflichtet uns f\u00fcr die Erf\u00fcllung der Bed\u00fcrfnisse unserer Mandanten einzusetzten."},"content":{"rendered":"\n<div class=\"wp-block-columns is-layout-flex wp-container-core-columns-is-layout-8f761849 wp-block-columns-is-layout-flex\">\n<div class=\"wp-block-column is-layout-flow wp-block-column-is-layout-flow\" style=\"flex-basis:66.66%\">\n<div class=\"wp-block-group alignwide\"><div class=\"wp-block-group__inner-container is-layout-flow wp-block-group-is-layout-flow\">\n<p class=\"wp-block-paragraph\">Eine starke Berufsethik und Verpflichtung gegen\u00fcber unseren Mandanten und deren Interessen sind der Schl\u00fcssel von White &amp; Baos beruflicher Entwicklung.<\/p>\n\n\n\n<p class=\"wp-block-paragraph\">Wir sind proaktiv, &nbsp;wir ber\u00fccksichtigen die Umst\u00e4nde unserer Mandanten, respektieren, vertrauen und erkennen ihre Interessen und Bed\u00fcrfnisse, mit denen wir uns verpflichtet f\u00fchlen.<\/p>\n\n\n\n<p class=\"wp-block-paragraph\">Wir sind ein Anwaltsb\u00fcro mit positiver Energie, innovativ und in st\u00e4ndiger Weiterentwicklung. Professionalit\u00e4t, Ausgewogenheit-Verh\u00e4ltnism\u00e4\u00dfigkeit, Verantwortung, Wirksamkeit und Ehrlichkeit sind unsere Grundlagen.<\/p>\n\n\n\n<div class=\"wp-block-media-text alignwide is-stacked-on-mobile\" style=\"grid-template-columns:34% auto\"><figure class=\"wp-block-media-text__media\"><img fetchpriority=\"high\" decoding=\"async\" width=\"409\" height=\"383\" src=\"https:\/\/www.white-baos.com\/wp-content\/uploads\/2024\/04\/PEQ-FOTO-CARLOS-BAOS-ABOGADO-SOLICITOR-DENIA-COSTA-BLANCA-3.jpg\" alt=\"\" class=\"wp-image-14267 size-full\" srcset=\"https:\/\/www.white-baos.com\/wp-content\/uploads\/2024\/04\/PEQ-FOTO-CARLOS-BAOS-ABOGADO-SOLICITOR-DENIA-COSTA-BLANCA-3.jpg 409w, https:\/\/www.white-baos.com\/wp-content\/uploads\/2024\/04\/PEQ-FOTO-CARLOS-BAOS-ABOGADO-SOLICITOR-DENIA-COSTA-BLANCA-3-300x281.jpg 300w\" sizes=\"(max-width: 409px) 100vw, 409px\" \/><\/figure><div class=\"wp-block-media-text__content\">\n<div class=\"wp-block-group\"><div class=\"wp-block-group__inner-container is-layout-flow wp-block-group-is-layout-flow\">\n<p class=\"has-text-align-left wp-block-paragraph\"><strong>CARLOS BAOS TORREGROSA<\/strong> spanischer Rechtsanwalt. &nbsp;Mitglied Nummer 5756 der Rechtsanwaltskammer von Alicante. Legte im Jahr 1999 an der Universit\u00e4t von Alicante seine Staatspr\u00fcfung ab. Im Jahr 2000 erhielt er seinen Masterabschluss in Rechtsberatung f\u00fcr Unternehmen (Fundesem). Carlos ist aktiv mit der Verteidigung der B\u00fcrgerrechte von ausl\u00e4ndischen Staatsb\u00fcrgern in Spanien engagiert. Er k\u00e4mpft intensiv gegen die Diskriminierung und &nbsp;missbr\u00e4uchlichen&nbsp; Handlungen von Beh\u00f6rden, Bau- und Bankgesellschaften gegen\u00fcber ausl\u00e4ndischen Mitb\u00fcrgern in Spanien<\/p>\n<\/div><\/div>\n<\/div><\/div>\n\n\n\n<p class=\"wp-block-paragraph\"><\/p>\n\n\n\n<div class=\"wp-block-media-text alignwide has-media-on-the-right is-stacked-on-mobile\" style=\"grid-template-columns:auto 32%\"><div class=\"wp-block-media-text__content\">\n<p class=\"has-text-align-right wp-block-paragraph\"><strong>MARC R WHITE <\/strong>englischer Rechtsanwalt und \u00f6ffentlicher Notar. Mitglied der Law Society (Anwaltskammer) of England and Wales. In Bristol geboren, erlangte er in der Universit\u00e4t in Cardiff 1992 seinen Studienabschluss und legte dort 1993 seine Staatspr\u00fcfung ab. Rechtsanwalt und \u00f6ffentlicher Notar in Grossbritanien, ist er White &amp; Baos Kooperationspartner vor Ort.<\/p>\n<\/div><figure class=\"wp-block-media-text__media\"><img decoding=\"async\" width=\"640\" height=\"426\" src=\"https:\/\/www.white-baos.com\/wp-content\/uploads\/2020\/09\/marcwhite.jpg\" alt=\"\" class=\"wp-image-9016 size-full\" srcset=\"https:\/\/www.white-baos.com\/wp-content\/uploads\/2020\/09\/marcwhite.jpg 640w, https:\/\/www.white-baos.com\/wp-content\/uploads\/2020\/09\/marcwhite-300x200.jpg 300w\" sizes=\"(max-width: 640px) 100vw, 640px\" \/><\/figure><\/div>\n<\/div><\/div>\n<\/div>\n\n\n\n<div class=\"wp-block-column is-layout-flow wp-block-column-is-layout-flow\" style=\"flex-basis:33.33%\">\n<h2 class=\"wp-block-heading\">Kontact<\/h2>\n\n\n\n<div class=\"wpcf7 no-js\" id=\"wpcf7-f8903-o1\" lang=\"es-ES\" dir=\"ltr\" data-wpcf7-id=\"8903\">\n<div class=\"screen-reader-response\"><p role=\"status\" aria-live=\"polite\" aria-atomic=\"true\"><\/p> <ul><\/ul><\/div>\n<form action=\"\/de\/wp-json\/wp\/v2\/pages\/7331#wpcf7-f8903-o1\" method=\"post\" class=\"wpcf7-form init\" aria-label=\"Formulario de contacto\" novalidate=\"novalidate\" data-status=\"init\">\n<fieldset class=\"hidden-fields-container\"><input type=\"hidden\" name=\"_wpcf7\" value=\"8903\" \/><input type=\"hidden\" name=\"_wpcf7_version\" value=\"6.1.5\" \/><input type=\"hidden\" name=\"_wpcf7_locale\" value=\"es_ES\" \/><input type=\"hidden\" name=\"_wpcf7_unit_tag\" value=\"wpcf7-f8903-o1\" \/><input type=\"hidden\" name=\"_wpcf7_container_post\" value=\"0\" \/><input type=\"hidden\" name=\"_wpcf7_posted_data_hash\" value=\"\" \/><input type=\"hidden\" name=\"_wpcf7_recaptcha_response\" value=\"\" \/>\n<\/fieldset>\n<p><label> Name (*)<br \/>\n<span class=\"wpcf7-form-control-wrap\" data-name=\"your-name\"><input size=\"40\" maxlength=\"400\" class=\"wpcf7-form-control wpcf7-text wpcf7-validates-as-required\" aria-required=\"true\" aria-invalid=\"false\" value=\"\" type=\"text\" name=\"your-name\" \/><\/span> <\/label>\n<\/p>\n<p><label> Telefon<br \/>\n<span class=\"wpcf7-form-control-wrap\" data-name=\"your-phone\"><input size=\"40\" maxlength=\"400\" class=\"wpcf7-form-control wpcf7-tel wpcf7-text wpcf7-validates-as-tel\" aria-invalid=\"false\" value=\"\" type=\"tel\" name=\"your-phone\" \/><\/span> <\/label>\n<\/p>\n<p><label> e-mail (*)<br \/>\n<span class=\"wpcf7-form-control-wrap\" data-name=\"your-email\"><input size=\"40\" maxlength=\"400\" class=\"wpcf7-form-control wpcf7-email wpcf7-validates-as-required wpcf7-text wpcf7-validates-as-email\" aria-required=\"true\" aria-invalid=\"false\" value=\"\" type=\"email\" name=\"your-email\" \/><\/span> <\/label>\n<\/p>\n<p><label> Frage<br \/>\n<span class=\"wpcf7-form-control-wrap\" data-name=\"your-message\"><textarea cols=\"40\" rows=\"10\" maxlength=\"2000\" class=\"wpcf7-form-control wpcf7-textarea\" aria-invalid=\"false\" name=\"your-message\"><\/textarea><\/span> <\/label>\n<\/p>\n<p><span class=\"wpcf7-form-control-wrap\" data-name=\"acceptance-255\"><span class=\"wpcf7-form-control wpcf7-acceptance optional\"><span class=\"wpcf7-list-item\"><label><input type=\"checkbox\" name=\"acceptance-255\" value=\"1\" aria-invalid=\"false\" \/><span class=\"wpcf7-list-item-label\">Ich akzeptiere die <a href=\"https:\/\/www.white-baos.com\/de\/datenschutz-bestimmungen\/\" target=\"_blank\"> Datenschutzerkl\u00e4rung<\/a><\/span><\/label><\/span><\/span><\/span>\n<\/p>\n<p><input class=\"wpcf7-form-control wpcf7-submit has-spinner\" type=\"submit\" value=\"versenden\" \/>\n<\/p><div class=\"wpcf7-response-output\" aria-hidden=\"true\"><\/div>\n<\/form>\n<\/div>\n\n<\/div>\n<\/div>\n\n\n\n<p class=\"wp-block-paragraph\"><\/p>\n","protected":false},"excerpt":{"rendered":"<p>Eine starke Berufsethik und Verpflichtung gegen\u00fcber unseren Mandanten und deren Interessen sind der Schl\u00fcssel von White &amp; Baos beruflicher Entwicklung. Wir sind proaktiv, &nbsp;wir ber\u00fccksichtigen die Umst\u00e4nde unserer Mandanten, respektieren, vertrauen und erkennen ihre Interessen und Bed\u00fcrfnisse, mit denen wir uns verpflichtet f\u00fchlen. Wir sind ein Anwaltsb\u00fcro mit positiver Energie, innovativ und in st\u00e4ndiger Weiterentwicklung. [&#8230;]<\/p>\n<p><a class=\"btn btn-primary understrap-read-more-link\" href=\"https:\/\/www.white-baos.com\/de\/wir-sind-dem-anspruch-verpflichtet-uns-fuer-die-erfuellung-der-beduerfnisse-unserer-mandanten-einzusetzten\/\">Weiterlesen&#8230;<\/a><\/p>\n","protected":false},"author":1,"featured_media":7788,"parent":0,"menu_order":0,"comment_status":"closed","ping_status":"closed","template":"page-templates\/fullwidthpage.php","meta":{"_crdt_document":"","footnotes":""},"class_list":["post-7331","page","type-page","status-publish","has-post-thumbnail","hentry"],"yoast_head":"<!-- This site is optimized with the Yoast SEO plugin v27.0 - https:\/\/yoast.com\/product\/yoast-seo-wordpress\/ -->\n<title>Wir sind dem Anspruch verpflichtet uns f\u00fcr die Erf\u00fcllung der Bed\u00fcrfnisse unserer Mandanten einzusetzten. - White &amp; Baos, Abogados &amp; Solicitors<\/title>\n<meta name=\"robots\" content=\"index, follow, max-snippet:-1, max-image-preview:large, max-video-preview:-1\" \/>\n<link rel=\"canonical\" href=\"https:\/\/www.white-baos.com\/de\/wir-sind-dem-anspruch-verpflichtet-uns-fuer-die-erfuellung-der-beduerfnisse-unserer-mandanten-einzusetzten\/\" \/>\n<meta property=\"og:locale\" content=\"de_DE\" \/>\n<meta property=\"og:type\" content=\"article\" \/>\n<meta property=\"og:title\" content=\"Wir sind dem Anspruch verpflichtet uns f\u00fcr die Erf\u00fcllung der Bed\u00fcrfnisse unserer Mandanten einzusetzten. - White &amp; Baos, Abogados &amp; Solicitors\" \/>\n<meta property=\"og:description\" content=\"Eine starke Berufsethik und Verpflichtung gegen\u00fcber unseren Mandanten und deren Interessen sind der Schl\u00fcssel von White &amp; Baos beruflicher Entwicklung. Wir sind proaktiv, &nbsp;wir ber\u00fccksichtigen die Umst\u00e4nde unserer Mandanten, respektieren, vertrauen und erkennen ihre Interessen und Bed\u00fcrfnisse, mit denen wir uns verpflichtet f\u00fchlen. Wir sind ein Anwaltsb\u00fcro mit positiver Energie, innovativ und in st\u00e4ndiger Weiterentwicklung. [...]Weiterlesen...\" \/>\n<meta property=\"og:url\" content=\"https:\/\/www.white-baos.com\/de\/wir-sind-dem-anspruch-verpflichtet-uns-fuer-die-erfuellung-der-beduerfnisse-unserer-mandanten-einzusetzten\/\" \/>\n<meta property=\"og:site_name\" content=\"White &amp; Baos, Abogados &amp; Solicitors\" \/>\n<meta property=\"article:modified_time\" content=\"2024-04-19T11:06:23+00:00\" \/>\n<meta property=\"og:image\" content=\"https:\/\/www.white-baos.com\/wp-content\/uploads\/2020\/09\/torre-denia.jpg\" \/>\n\t<meta property=\"og:image:width\" content=\"1280\" \/>\n\t<meta property=\"og:image:height\" content=\"853\" \/>\n\t<meta property=\"og:image:type\" content=\"image\/jpeg\" \/>\n<meta name=\"twitter:card\" content=\"summary_large_image\" \/>\n<meta name=\"twitter:label1\" content=\"Gesch\u00e4tzte Lesezeit\" \/>\n\t<meta name=\"twitter:data1\" content=\"2\u00a0Minuten\" \/>\n<script type=\"application\/ld+json\" class=\"yoast-schema-graph\">{\"@context\":\"https:\/\/schema.org\",\"@graph\":[{\"@type\":\"WebPage\",\"@id\":\"https:\/\/www.white-baos.com\/de\/wir-sind-dem-anspruch-verpflichtet-uns-fuer-die-erfuellung-der-beduerfnisse-unserer-mandanten-einzusetzten\/\",\"url\":\"https:\/\/www.white-baos.com\/de\/wir-sind-dem-anspruch-verpflichtet-uns-fuer-die-erfuellung-der-beduerfnisse-unserer-mandanten-einzusetzten\/\",\"name\":\"Wir sind dem Anspruch verpflichtet uns f\u00fcr die Erf\u00fcllung der Bed\u00fcrfnisse unserer Mandanten einzusetzten. - White &amp; Baos, Abogados &amp; Solicitors\",\"isPartOf\":{\"@id\":\"https:\/\/www.white-baos.com\/de\/#website\"},\"primaryImageOfPage\":{\"@id\":\"https:\/\/www.white-baos.com\/de\/wir-sind-dem-anspruch-verpflichtet-uns-fuer-die-erfuellung-der-beduerfnisse-unserer-mandanten-einzusetzten\/#primaryimage\"},\"image\":{\"@id\":\"https:\/\/www.white-baos.com\/de\/wir-sind-dem-anspruch-verpflichtet-uns-fuer-die-erfuellung-der-beduerfnisse-unserer-mandanten-einzusetzten\/#primaryimage\"},\"thumbnailUrl\":\"https:\/\/www.white-baos.com\/wp-content\/uploads\/2020\/09\/torre-denia.jpg\",\"datePublished\":\"2020-09-03T15:36:22+00:00\",\"dateModified\":\"2024-04-19T11:06:23+00:00\",\"breadcrumb\":{\"@id\":\"https:\/\/www.white-baos.com\/de\/wir-sind-dem-anspruch-verpflichtet-uns-fuer-die-erfuellung-der-beduerfnisse-unserer-mandanten-einzusetzten\/#breadcrumb\"},\"inLanguage\":\"de\",\"potentialAction\":[{\"@type\":\"ReadAction\",\"target\":[\"https:\/\/www.white-baos.com\/de\/wir-sind-dem-anspruch-verpflichtet-uns-fuer-die-erfuellung-der-beduerfnisse-unserer-mandanten-einzusetzten\/\"]}]},{\"@type\":\"ImageObject\",\"inLanguage\":\"de\",\"@id\":\"https:\/\/www.white-baos.com\/de\/wir-sind-dem-anspruch-verpflichtet-uns-fuer-die-erfuellung-der-beduerfnisse-unserer-mandanten-einzusetzten\/#primaryimage\",\"url\":\"https:\/\/www.white-baos.com\/wp-content\/uploads\/2020\/09\/torre-denia.jpg\",\"contentUrl\":\"https:\/\/www.white-baos.com\/wp-content\/uploads\/2020\/09\/torre-denia.jpg\",\"width\":1280,\"height\":853},{\"@type\":\"BreadcrumbList\",\"@id\":\"https:\/\/www.white-baos.com\/de\/wir-sind-dem-anspruch-verpflichtet-uns-fuer-die-erfuellung-der-beduerfnisse-unserer-mandanten-einzusetzten\/#breadcrumb\",\"itemListElement\":[{\"@type\":\"ListItem\",\"position\":1,\"name\":\"Portada\",\"item\":\"https:\/\/www.white-baos.com\/de\/\"},{\"@type\":\"ListItem\",\"position\":2,\"name\":\"Wir sind dem Anspruch verpflichtet uns f\u00fcr die Erf\u00fcllung der Bed\u00fcrfnisse unserer Mandanten einzusetzten.\"}]},{\"@type\":\"WebSite\",\"@id\":\"https:\/\/www.white-baos.com\/de\/#website\",\"url\":\"https:\/\/www.white-baos.com\/de\/\",\"name\":\"White &amp; Baos, Abogados &amp; Solicitors\",\"description\":\"Anglo Spanish law firm established by both Spanish and UK lawyers based in Denia Alicante Spain\",\"publisher\":{\"@id\":\"https:\/\/www.white-baos.com\/de\/#organization\"},\"potentialAction\":[{\"@type\":\"SearchAction\",\"target\":{\"@type\":\"EntryPoint\",\"urlTemplate\":\"https:\/\/www.white-baos.com\/de\/?s={search_term_string}\"},\"query-input\":{\"@type\":\"PropertyValueSpecification\",\"valueRequired\":true,\"valueName\":\"search_term_string\"}}],\"inLanguage\":\"de\"},{\"@type\":\"Organization\",\"@id\":\"https:\/\/www.white-baos.com\/de\/#organization\",\"name\":\"White &amp; Baos, Abogados &amp; Solicitors\",\"url\":\"https:\/\/www.white-baos.com\/de\/\",\"logo\":{\"@type\":\"ImageObject\",\"inLanguage\":\"de\",\"@id\":\"https:\/\/www.white-baos.com\/de\/#\/schema\/logo\/image\/\",\"url\":\"https:\/\/www.white-baos.com\/wp-content\/uploads\/2022\/09\/logo-wb-legalboutique-rojo.svg\",\"contentUrl\":\"https:\/\/www.white-baos.com\/wp-content\/uploads\/2022\/09\/logo-wb-legalboutique-rojo.svg\",\"width\":100,\"height\":100,\"caption\":\"White &amp; Baos, Abogados &amp; Solicitors\"},\"image\":{\"@id\":\"https:\/\/www.white-baos.com\/de\/#\/schema\/logo\/image\/\"}}]}<\/script>\n<!-- \/ Yoast SEO plugin. -->","yoast_head_json":{"title":"Wir sind dem Anspruch verpflichtet uns f\u00fcr die Erf\u00fcllung der Bed\u00fcrfnisse unserer Mandanten einzusetzten. - White &amp; Baos, Abogados &amp; Solicitors","robots":{"index":"index","follow":"follow","max-snippet":"max-snippet:-1","max-image-preview":"max-image-preview:large","max-video-preview":"max-video-preview:-1"},"canonical":"https:\/\/www.white-baos.com\/de\/wir-sind-dem-anspruch-verpflichtet-uns-fuer-die-erfuellung-der-beduerfnisse-unserer-mandanten-einzusetzten\/","og_locale":"de_DE","og_type":"article","og_title":"Wir sind dem Anspruch verpflichtet uns f\u00fcr die Erf\u00fcllung der Bed\u00fcrfnisse unserer Mandanten einzusetzten. - White &amp; Baos, Abogados &amp; Solicitors","og_description":"Eine starke Berufsethik und Verpflichtung gegen\u00fcber unseren Mandanten und deren Interessen sind der Schl\u00fcssel von White &amp; Baos beruflicher Entwicklung. Wir sind proaktiv, &nbsp;wir ber\u00fccksichtigen die Umst\u00e4nde unserer Mandanten, respektieren, vertrauen und erkennen ihre Interessen und Bed\u00fcrfnisse, mit denen wir uns verpflichtet f\u00fchlen. Wir sind ein Anwaltsb\u00fcro mit positiver Energie, innovativ und in st\u00e4ndiger Weiterentwicklung. [...]Weiterlesen...","og_url":"https:\/\/www.white-baos.com\/de\/wir-sind-dem-anspruch-verpflichtet-uns-fuer-die-erfuellung-der-beduerfnisse-unserer-mandanten-einzusetzten\/","og_site_name":"White &amp; Baos, Abogados &amp; Solicitors","article_modified_time":"2024-04-19T11:06:23+00:00","og_image":[{"width":1280,"height":853,"url":"https:\/\/www.white-baos.com\/wp-content\/uploads\/2020\/09\/torre-denia.jpg","type":"image\/jpeg"}],"twitter_card":"summary_large_image","twitter_misc":{"Gesch\u00e4tzte Lesezeit":"2\u00a0Minuten"},"schema":{"@context":"https:\/\/schema.org","@graph":[{"@type":"WebPage","@id":"https:\/\/www.white-baos.com\/de\/wir-sind-dem-anspruch-verpflichtet-uns-fuer-die-erfuellung-der-beduerfnisse-unserer-mandanten-einzusetzten\/","url":"https:\/\/www.white-baos.com\/de\/wir-sind-dem-anspruch-verpflichtet-uns-fuer-die-erfuellung-der-beduerfnisse-unserer-mandanten-einzusetzten\/","name":"Wir sind dem Anspruch verpflichtet uns f\u00fcr die Erf\u00fcllung der Bed\u00fcrfnisse unserer Mandanten einzusetzten. - White &amp; Baos, Abogados &amp; Solicitors","isPartOf":{"@id":"https:\/\/www.white-baos.com\/de\/#website"},"primaryImageOfPage":{"@id":"https:\/\/www.white-baos.com\/de\/wir-sind-dem-anspruch-verpflichtet-uns-fuer-die-erfuellung-der-beduerfnisse-unserer-mandanten-einzusetzten\/#primaryimage"},"image":{"@id":"https:\/\/www.white-baos.com\/de\/wir-sind-dem-anspruch-verpflichtet-uns-fuer-die-erfuellung-der-beduerfnisse-unserer-mandanten-einzusetzten\/#primaryimage"},"thumbnailUrl":"https:\/\/www.white-baos.com\/wp-content\/uploads\/2020\/09\/torre-denia.jpg","datePublished":"2020-09-03T15:36:22+00:00","dateModified":"2024-04-19T11:06:23+00:00","breadcrumb":{"@id":"https:\/\/www.white-baos.com\/de\/wir-sind-dem-anspruch-verpflichtet-uns-fuer-die-erfuellung-der-beduerfnisse-unserer-mandanten-einzusetzten\/#breadcrumb"},"inLanguage":"de","potentialAction":[{"@type":"ReadAction","target":["https:\/\/www.white-baos.com\/de\/wir-sind-dem-anspruch-verpflichtet-uns-fuer-die-erfuellung-der-beduerfnisse-unserer-mandanten-einzusetzten\/"]}]},{"@type":"ImageObject","inLanguage":"de","@id":"https:\/\/www.white-baos.com\/de\/wir-sind-dem-anspruch-verpflichtet-uns-fuer-die-erfuellung-der-beduerfnisse-unserer-mandanten-einzusetzten\/#primaryimage","url":"https:\/\/www.white-baos.com\/wp-content\/uploads\/2020\/09\/torre-denia.jpg","contentUrl":"https:\/\/www.white-baos.com\/wp-content\/uploads\/2020\/09\/torre-denia.jpg","width":1280,"height":853},{"@type":"BreadcrumbList","@id":"https:\/\/www.white-baos.com\/de\/wir-sind-dem-anspruch-verpflichtet-uns-fuer-die-erfuellung-der-beduerfnisse-unserer-mandanten-einzusetzten\/#breadcrumb","itemListElement":[{"@type":"ListItem","position":1,"name":"Portada","item":"https:\/\/www.white-baos.com\/de\/"},{"@type":"ListItem","position":2,"name":"Wir sind dem Anspruch verpflichtet uns f\u00fcr die Erf\u00fcllung der Bed\u00fcrfnisse unserer Mandanten einzusetzten."}]},{"@type":"WebSite","@id":"https:\/\/www.white-baos.com\/de\/#website","url":"https:\/\/www.white-baos.com\/de\/","name":"White &amp; Baos, Abogados &amp; Solicitors","description":"Anglo Spanish law firm established by both Spanish and UK lawyers based in Denia Alicante Spain","publisher":{"@id":"https:\/\/www.white-baos.com\/de\/#organization"},"potentialAction":[{"@type":"SearchAction","target":{"@type":"EntryPoint","urlTemplate":"https:\/\/www.white-baos.com\/de\/?s={search_term_string}"},"query-input":{"@type":"PropertyValueSpecification","valueRequired":true,"valueName":"search_term_string"}}],"inLanguage":"de"},{"@type":"Organization","@id":"https:\/\/www.white-baos.com\/de\/#organization","name":"White &amp; Baos, Abogados &amp; Solicitors","url":"https:\/\/www.white-baos.com\/de\/","logo":{"@type":"ImageObject","inLanguage":"de","@id":"https:\/\/www.white-baos.com\/de\/#\/schema\/logo\/image\/","url":"https:\/\/www.white-baos.com\/wp-content\/uploads\/2022\/09\/logo-wb-legalboutique-rojo.svg","contentUrl":"https:\/\/www.white-baos.com\/wp-content\/uploads\/2022\/09\/logo-wb-legalboutique-rojo.svg","width":100,"height":100,"caption":"White &amp; Baos, Abogados &amp; Solicitors"},"image":{"@id":"https:\/\/www.white-baos.com\/de\/#\/schema\/logo\/image\/"}}]}},"jetpack_sharing_enabled":true,"jetpack_likes_enabled":true,"_links":{"self":[{"href":"https:\/\/www.white-baos.com\/de\/wp-json\/wp\/v2\/pages\/7331","targetHints":{"allow":["GET"]}}],"collection":[{"href":"https:\/\/www.white-baos.com\/de\/wp-json\/wp\/v2\/pages"}],"about":[{"href":"https:\/\/www.white-baos.com\/de\/wp-json\/wp\/v2\/types\/page"}],"author":[{"embeddable":true,"href":"https:\/\/www.white-baos.com\/de\/wp-json\/wp\/v2\/users\/1"}],"replies":[{"embeddable":true,"href":"https:\/\/www.white-baos.com\/de\/wp-json\/wp\/v2\/comments?post=7331"}],"version-history":[{"count":4,"href":"https:\/\/www.white-baos.com\/de\/wp-json\/wp\/v2\/pages\/7331\/revisions"}],"predecessor-version":[{"id":14271,"href":"https:\/\/www.white-baos.com\/de\/wp-json\/wp\/v2\/pages\/7331\/revisions\/14271"}],"wp:featuredmedia":[{"embeddable":true,"href":"https:\/\/www.white-baos.com\/de\/wp-json\/wp\/v2\/media\/7788"}],"wp:attachment":[{"href":"https:\/\/www.white-baos.com\/de\/wp-json\/wp\/v2\/media?parent=7331"}],"curies":[{"name":"wp","href":"https:\/\/api.w.org\/{rel}","templated":true}]}}